        {"id":5,"date":"2017-09-05T16:22:26","date_gmt":"2017-09-05T14:22:26","guid":{"rendered":"http:\/\/test.charlott.it\/privacy-and-policy\/"},"modified":"2017-11-20T12:54:54","modified_gmt":"2017-11-20T11:54:54","slug":"privacy-and-policy","status":"publish","type":"page","link":"https:\/\/www.charlott.it\/en\/privacy-and-policy\/","title":{"rendered":"Privacy and Policy"},"content":{"rendered":"<div class=\"wrap\" style=\"padding-left:8%; padding-right:8%; padding-bottom: 8%; margin-top:-5px;\">\n<h1 style=\"text-align:center;\">PRIVACY &#038; POLICY<\/h1>\n<p>Charlott applica, sia nella legge che nello spirito, la tutela della Privacy. Tale tutela \u00e8 rivolta a tutti coloro che siano in relazione con Charlott, siano essi dipendenti, fornitori, clienti, potenziali clienti o semplici visitatori del suo Sito.<\/p>\n<p><\/p>\n<h2>RILASCIO DI DATI PERSONALI<\/h2>\n<p>Qualora un visitatore del Sito abbia intenzione di rilasciare volontariamente i dati definiti personali del D.L.G. 196\/2003, questo potr\u00e0 avvenire solo attenendosi alle regole ed alle procedure indicate dal Sito e peraltro conformi al gi\u00e0 citato D.L.G. 196\/2003. Il rilascio di dati personali \u00e8 una libera scelta di ogni visitatore del Sito. Non esiste, nel Sito di Charlott, alcuna registrazione di dati personali che non avvenga se non a seguito di precisa e specifica segnalazione al visitatore della possibilit\u00e0 di registrare i suoi dati personali. Al fine di evitare errori o fraintendimenti, ogni registrazione di dati personali, comunque, non potr\u00e0 avvenire che a seguito di una ulteriore ed ultima conferma da parte del visitatore.<\/p>\n<h2>NAVIGAZIONE NEL SITO E REGISTRAZIONE DEGLI ACCESSI \u2013 UTILIZZO DEI COOKIE E DEI FILE LOG<\/h2>\n<p>Charlott utilizza la tecnologia dei cookie per effettuare dei rilevamenti statistici sul suo Sito. Un cookie \u00e8 un piccolo elemento informativo inviato dal sito Web contattato e salvato sull\u2019hard disk dal browser del vostro computer. Il Sito di Charlott traccia il percorso del cookie (cosiddetta attivit\u00e0 di \u201cclick stream\u201d ovverosia di registrazione dei percorsi seguiti dai visitatori di un sito nel passaggio da una pagina all\u2019altra) senza che da questa attivit\u00e0 possa comunque conoscere o identificare l\u2019utente che \u00e8 entrato nel sito, al fine di raccogliere dati statistici sul sito quali, ad esempio, le pagine visitate, le pagine scaricate ecc.. Ribadiamo che nessuna di queste informazioni \u00e8 associata a voi in maniera individuale. I cookie non catturano il vostro indirizzo e-mail personale, n\u00e9 alcuna vostra informazione privata. Le informazioni ricavate dal tracciamento dei cookie vengono valutate solo complessivamente. Charlott utilizza altres\u00ec i file di log del server Web per contare i visitatori e valutare le capacit\u00e0 tecniche del nostro sito. Ci serviamo di tutte queste informazioni per sapere quante persone visitano il Sito, per organizzare le pagine nella maniera pi\u00f9 accessibile possibile, per facilitare la navigazione sul sito e per rendere le sue pagine pi\u00f9 utili per gli utenti. Raccogliamo informazioni sul traffico del sito, ma non sui singoli visitatori. Di conseguenza, nessuna informazione che vi riguardi in particolare potr\u00e0 essere conservata o utilizzata. Questo sito web utilizza Google Analytics, un servizio di analisi web fornito da Google, Inc. (\u201cGoogle\u201d). Google Analytics utilizza dei \u201ccookies\u201d, che sono file di testo che vengono depositati sul Vostro computer per consentire al sito web di analizzare come gli utenti utilizzano il sito. Le informazioni generate dal cookie sull\u2019utilizzo del sito web da parte Vostra (compreso il Vostro indirizzo IP) verranno trasmesse a, e depositate presso i server di Google negli Stati Uniti. Google utilizzer\u00e0 queste informazioni allo scopo di tracciare e esaminare il Vostro utilizzo del sito web, compilare report sulle attivit\u00e0 del sito web per gli operatori del sito web e fornire altri servizi relativi alle attivit\u00e0 del sito web e all\u2019utilizzo di Internet. Google pu\u00f2 anche trasferire queste informazioni a terzi ove ci\u00f2 sia imposto dalla legge o laddove tali terzi trattino le suddette informazioni per conto di Google. Google non assocer\u00e0 il vostro indirizzo IP a nessun altro dato posseduto da Google. Potete rifiutarvi di usare i cookies selezionando l\u2019impostazione appropriata sul vostro browser, ma ci\u00f2 potrebbe impedirvi di utilizzare tutte le funzionalit\u00e0 di questo sito web. Utilizzando il presente sito web, voi acconsentite al trattamento dei Vostri dati da parte di Google per le modalit\u00e0 e i fini sopraindicati\u201d.<\/p>\n<h2>E-MAIL<\/h2>\n<p>Qualora voleste inviare, per qualsiasi ragione, delle e-mail al Sito, vi ribadiamo che, qualora una di queste possibilit\u00e0 richiedesse la registrazione di vostri dati personali, la registrazione dei vostri dati personali avverr\u00e0 sempre nel rispetto della legge sulla Privacy. Pertanto ogni registrazione avverr\u00e0 solo dopo vostro esplicito e ripetuto consenso.<\/p>\n<h2>LEGGE APPLICABILE \u2013 FORO COMPETENTE<\/h2>\n<p>Come gi\u00e0 indicato nelle avvertenze, l\u2019accesso al Sito comporta l\u2019integrale accettazione delle regole enunciate nel Sito stesso. Ci\u00f2 premesso, l\u2019utente che accede al Sito accetta che la legislazione applicabile per dirimere qualsiasi problema derivante dall\u2019accesso al Sito, o per le Informazioni o gli Oggetti presenti nel Sito, sia la legge italiana. Parimenti, l\u2019utente accetta che il foro esclusivamente competente per i problemi sopra indicati sia il Foro di Brescia.<\/p>\n<\/div>\n","protected":false},"excerpt":{"rendered":"<p>PRIVACY &#038; POLICY Charlott applica, sia nella legge che nello spirito, la tutela della Privacy. Tale tutela \u00e8 rivolta a tutti coloro che siano in relazione con Charlott, siano essi dipendenti, fornitori, clienti, potenziali clienti o semplici visitatori del suo Sito. RILASCIO DI DATI PERSONALI Qualora un visitatore del Sito abbia intenzione di rilasciare volontariamente &hellip; <a href=\"https:\/\/www.charlott.it\/en\/privacy-and-policy\/\">Continued<\/a><\/p>\n","protected":false},"author":2,"featured_media":0,"parent":0,"menu_order":0,"comment_status":"closed","ping_status":"closed","template":"","meta":[],"acf":[],"yoast_head":"<!-- This site is optimized with the Yoast SEO plugin v20.8 - https:\/\/yoast.com\/wordpress\/plugins\/seo\/ -->\n<title>Privacy and Policy - Charlott en<\/title>\n<meta name=\"robots\" content=\"index, follow, max-snippet:-1, max-image-preview:large, max-video-preview:-1\" \/>\n<link rel=\"canonical\" href=\"https:\/\/www.charlott.it\/en\/privacy-and-policy\/\" \/>\n<meta property=\"og:locale\" content=\"en_US\" \/>\n<meta property=\"og:type\" content=\"article\" \/>\n<meta property=\"og:title\" content=\"Privacy and Policy - Charlott en\" \/>\n<meta property=\"og:description\" content=\"PRIVACY &#038; POLICY Charlott applica, sia nella legge che nello spirito, la tutela della Privacy. Tale tutela \u00e8 rivolta a tutti coloro che siano in relazione con Charlott, siano essi dipendenti, fornitori, clienti, potenziali clienti o semplici visitatori del suo Sito. RILASCIO DI DATI PERSONALI Qualora un visitatore del Sito abbia intenzione di rilasciare volontariamente &hellip; Continued\" \/>\n<meta property=\"og:url\" content=\"https:\/\/www.charlott.it\/en\/privacy-and-policy\/\" \/>\n<meta property=\"og:site_name\" content=\"Charlott en\" \/>\n<meta property=\"article:modified_time\" content=\"2017-11-20T11:54:54+00:00\" \/>\n<meta name=\"twitter:card\" content=\"summary_large_image\" \/>\n<meta name=\"twitter:label1\" content=\"Est. reading time\" \/>\n\t<meta name=\"twitter:data1\" content=\"4 minutes\" \/>\n<script type=\"application\/ld+json\" class=\"yoast-schema-graph\">{\"@context\":\"https:\/\/schema.org\",\"@graph\":[{\"@type\":\"WebPage\",\"@id\":\"https:\/\/www.charlott.it\/en\/privacy-and-policy\/\",\"url\":\"https:\/\/www.charlott.it\/en\/privacy-and-policy\/\",\"name\":\"Privacy and Policy - Charlott en\",\"isPartOf\":{\"@id\":\"https:\/\/www.charlott.it\/en\/#website\"},\"datePublished\":\"2017-09-05T14:22:26+00:00\",\"dateModified\":\"2017-11-20T11:54:54+00:00\",\"breadcrumb\":{\"@id\":\"https:\/\/www.charlott.it\/en\/privacy-and-policy\/#breadcrumb\"},\"inLanguage\":\"en-US\",\"potentialAction\":[{\"@type\":\"ReadAction\",\"target\":[\"https:\/\/www.charlott.it\/en\/privacy-and-policy\/\"]}]},{\"@type\":\"BreadcrumbList\",\"@id\":\"https:\/\/www.charlott.it\/en\/privacy-and-policy\/#breadcrumb\",\"itemListElement\":[{\"@type\":\"ListItem\",\"position\":1,\"name\":\"Home\",\"item\":\"https:\/\/www.charlott.it\/en\/\"},{\"@type\":\"ListItem\",\"position\":2,\"name\":\"Privacy and Policy\"}]},{\"@type\":\"WebSite\",\"@id\":\"https:\/\/www.charlott.it\/en\/#website\",\"url\":\"https:\/\/www.charlott.it\/en\/\",\"name\":\"Charlott en\",\"description\":\"Un nuovo sito targato WordPress\",\"potentialAction\":[{\"@type\":\"SearchAction\",\"target\":{\"@type\":\"EntryPoint\",\"urlTemplate\":\"https:\/\/www.charlott.it\/en\/?s={search_term_string}\"},\"query-input\":\"required name=search_term_string\"}],\"inLanguage\":\"en-US\"}]}<\/script>\n<!-- \/ Yoast SEO plugin. -->","yoast_head_json":{"title":"Privacy and Policy - Charlott en","robots":{"index":"index","follow":"follow","max-snippet":"max-snippet:-1","max-image-preview":"max-image-preview:large","max-video-preview":"max-video-preview:-1"},"canonical":"https:\/\/www.charlott.it\/en\/privacy-and-policy\/","og_locale":"en_US","og_type":"article","og_title":"Privacy and Policy - Charlott en","og_description":"PRIVACY &#038; POLICY Charlott applica, sia nella legge che nello spirito, la tutela della Privacy. Tale tutela \u00e8 rivolta a tutti coloro che siano in relazione con Charlott, siano essi dipendenti, fornitori, clienti, potenziali clienti o semplici visitatori del suo Sito. RILASCIO DI DATI PERSONALI Qualora un visitatore del Sito abbia intenzione di rilasciare volontariamente &hellip; Continued","og_url":"https:\/\/www.charlott.it\/en\/privacy-and-policy\/","og_site_name":"Charlott en","article_modified_time":"2017-11-20T11:54:54+00:00","twitter_card":"summary_large_image","twitter_misc":{"Est. reading time":"4 minutes"},"schema":{"@context":"https:\/\/schema.org","@graph":[{"@type":"WebPage","@id":"https:\/\/www.charlott.it\/en\/privacy-and-policy\/","url":"https:\/\/www.charlott.it\/en\/privacy-and-policy\/","name":"Privacy and Policy - Charlott en","isPartOf":{"@id":"https:\/\/www.charlott.it\/en\/#website"},"datePublished":"2017-09-05T14:22:26+00:00","dateModified":"2017-11-20T11:54:54+00:00","breadcrumb":{"@id":"https:\/\/www.charlott.it\/en\/privacy-and-policy\/#breadcrumb"},"inLanguage":"en-US","potentialAction":[{"@type":"ReadAction","target":["https:\/\/www.charlott.it\/en\/privacy-and-policy\/"]}]},{"@type":"BreadcrumbList","@id":"https:\/\/www.charlott.it\/en\/privacy-and-policy\/#breadcrumb","itemListElement":[{"@type":"ListItem","position":1,"name":"Home","item":"https:\/\/www.charlott.it\/en\/"},{"@type":"ListItem","position":2,"name":"Privacy and Policy"}]},{"@type":"WebSite","@id":"https:\/\/www.charlott.it\/en\/#website","url":"https:\/\/www.charlott.it\/en\/","name":"Charlott en","description":"Un nuovo sito targato WordPress","potentialAction":[{"@type":"SearchAction","target":{"@type":"EntryPoint","urlTemplate":"https:\/\/www.charlott.it\/en\/?s={search_term_string}"},"query-input":"required name=search_term_string"}],"inLanguage":"en-US"}]}},"_links":{"self":[{"href":"https:\/\/www.charlott.it\/en\/wp-json\/wp\/v2\/pages\/5"}],"collection":[{"href":"https:\/\/www.charlott.it\/en\/wp-json\/wp\/v2\/pages"}],"about":[{"href":"https:\/\/www.charlott.it\/en\/wp-json\/wp\/v2\/types\/page"}],"author":[{"embeddable":true,"href":"https:\/\/www.charlott.it\/en\/wp-json\/wp\/v2\/users\/2"}],"replies":[{"embeddable":true,"href":"https:\/\/www.charlott.it\/en\/wp-json\/wp\/v2\/comments?post=5"}],"version-history":[{"count":12,"href":"https:\/\/www.charlott.it\/en\/wp-json\/wp\/v2\/pages\/5\/revisions"}],"predecessor-version":[{"id":485,"href":"https:\/\/www.charlott.it\/en\/wp-json\/wp\/v2\/pages\/5\/revisions\/485"}],"wp:attachment":[{"href":"https:\/\/www.charlott.it\/en\/wp-json\/wp\/v2\/media?parent=5"}],"curies":[{"name":"wp","href":"https:\/\/api.w.org\/{rel}","templated":true}]}}